{"id":6,"date":"2022-09-22T20:11:22","date_gmt":"2022-09-22T18:11:22","guid":{"rendered":"https:\/\/arguenon-info.org\/?page_id=6"},"modified":"2023-09-13T11:15:21","modified_gmt":"2023-09-13T09:15:21","slug":"devenez-membre-de-lassociation-arguenon-informatique","status":"publish","type":"page","link":"https:\/\/arguenon-info.org\/","title":{"rendered":""},"content":{"rendered":"<div class=\"wp-block-image\">\n<figure class=\"aligncenter size-full\"><img loading=\"lazy\" decoding=\"async\" width=\"820\" height=\"340\" src=\"https:\/\/arguenon-info.org\/wp-content\/uploads\/2022\/09\/banniereA4890.png\" alt=\"\" class=\"wp-image-101\" srcset=\"https:\/\/arguenon-info.org\/wp-content\/uploads\/2022\/09\/banniereA4890.png 820w, https:\/\/arguenon-info.org\/wp-content\/uploads\/2022\/09\/banniereA4890-300x124.png 300w, https:\/\/arguenon-info.org\/wp-content\/uploads\/2022\/09\/banniereA4890-768x318.png 768w\" sizes=\"auto, (max-width: 820px) 100vw, 820px\" \/><\/figure>\n<\/div>\n\n\n<div class=\"wp-block-group alignwide is-horizontal is-nowrap is-layout-flex wp-container-core-group-is-layout-67f0b8e2 wp-block-group-is-layout-flex\">\n<div style=\"height:0px;width:0px\" aria-hidden=\"true\" class=\"wp-block-spacer wp-container-content-9760934e\"><\/div>\n<\/div>\n\n\n\n<div class=\"wp-block-columns alignwide is-layout-flex wp-container-core-columns-is-layout-9d6595d7 wp-block-columns-is-layout-flex\">\n<div class=\"wp-block-column has-text-color has-background has-link-color wp-elements-29eef0e93d9fa3455b1fa0214a4371af is-layout-flow wp-block-column-is-layout-flow\" style=\"color:#000000;background-color:#efce7a;padding-top:2em;padding-right:2em;padding-bottom:2em;padding-left:2em\">\n<h4 class=\"wp-block-heading\" id=\"single\" style=\"font-size:30px\"><strong>Atelier<\/strong><br><strong>Photo<\/strong><\/h4>\n\n\n\n<p class=\"has-normal-font-size\" style=\"line-height:1.5\"><strong>Apprendre \u00e0 se servir de son appareil num\u00e9rique.<\/strong> <\/p>\n\n\n\n<ul class=\"wp-block-list\">\n<li>R\u00e8gles de la photographie<\/li>\n\n\n\n<li>Post-production<\/li>\n\n\n\n<li>Logiciels sp\u00e9cialis\u00e9s, etc&#8230;<\/li>\n<\/ul>\n\n\n\n<div class=\"wp-block-buttons alignfull is-horizontal is-content-justification-center is-layout-flex wp-container-core-buttons-is-layout-499968f5 wp-block-buttons-is-layout-flex\">\n<div class=\"wp-block-button has-custom-width wp-block-button__width-100\"><a class=\"wp-block-button__link has-white-color has-text-color has-background no-border-radius wp-element-button\" href=\"https:\/\/arguenon-info.org\/index.php\/page-d-exemple\/\" style=\"background-color:#000000\">LES HORAIRES<\/a><\/div>\n<\/div>\n<\/div>\n\n\n\n<div class=\"wp-block-column has-text-color has-background has-link-color wp-elements-f3c876668dc11968750d84f9066c2edd is-layout-flow wp-block-column-is-layout-flow\" style=\"color:#000000;background-color:#b0d7eb;padding-top:2em;padding-right:2em;padding-bottom:2em;padding-left:2em\">\n<h4 class=\"wp-block-heading\" id=\"family\" style=\"font-size:30px\"><strong>Atelier<\/strong><br><strong>Informatique<\/strong><\/h4>\n\n\n\n<p class=\"has-normal-font-size\" style=\"line-height:1.5\"><strong>Appr\u00e9hender internet et ses utilisations au quotidien<\/strong>.<\/p>\n\n\n\n<ul class=\"wp-block-list\">\n<li>Gestion de la messagerie<\/li>\n\n\n\n<li>Bureautique<\/li>\n\n\n\n<li>S\u00e9curit\u00e9<\/li>\n<\/ul>\n\n\n\n<div class=\"wp-block-buttons alignfull is-horizontal is-content-justification-center is-layout-flex wp-container-core-buttons-is-layout-499968f5 wp-block-buttons-is-layout-flex\">\n<div class=\"wp-block-button has-custom-width wp-block-button__width-100 is-style-fill\"><a class=\"wp-block-button__link has-white-color has-text-color has-background no-border-radius wp-element-button\" href=\"https:\/\/arguenon-info.org\/index.php\/atelier-informatique\/\" style=\"background-color:#000000\">LES HORAIRES<\/a><\/div>\n<\/div>\n<\/div>\n\n\n\n<div class=\"wp-block-column has-text-color has-background has-link-color wp-elements-a9c42d09fe83adf4befd4cf67528c2da is-layout-flow wp-block-column-is-layout-flow\" style=\"color:#000000;background-color:#dcd7ca;padding-top:2em;padding-right:2em;padding-bottom:2em;padding-left:2em\">\n<h2 class=\"wp-block-heading\" id=\"patron\" style=\"font-size:30px\"><strong>Atelier <\/strong><br><strong>G\u00e9n\u00e9alogie<\/strong><\/h2>\n\n\n\n<p class=\"has-normal-font-size\"><strong>Retrouver ses racines en ma\u00eetrisant l&rsquo;outil informatique.<\/strong><br><\/p>\n\n\n\n<ul class=\"wp-block-list\">\n<li>La recherche<\/li>\n\n\n\n<li>Les logiciels<\/li>\n\n\n\n<li>L&rsquo;\u00e9dition<\/li>\n<\/ul>\n\n\n\n<div class=\"wp-block-buttons alignfull is-horizontal is-content-justification-center is-layout-flex wp-container-core-buttons-is-layout-499968f5 wp-block-buttons-is-layout-flex\">\n<div class=\"wp-block-button has-custom-width wp-block-button__width-100\"><a class=\"wp-block-button__link has-white-color has-text-color has-background no-border-radius wp-element-button\" href=\"https:\/\/arguenon-info.org\/index.php\/atelier-genealogie\/\" style=\"background-color:#000000\">LES HORAIRES<\/a><\/div>\n<\/div>\n<\/div>\n<\/div>\n\n\n\n<p><\/p>\n\n\n\n<div class=\"wp-block-group alignwide has-background\" style=\"background-color:#ffffff\"><div class=\"wp-block-group__inner-container is-layout-flow wp-block-group-is-layout-flow\">\n<div class=\"wp-block-group\"><div class=\"wp-block-group__inner-container is-layout-flow wp-block-group-is-layout-flow\">\n<h2 class=\"wp-block-heading has-text-align-center\">Devenez membre de l&rsquo;association<\/h2>\n\n\n\n<p class=\"has-text-align-center\"><\/p>\n\n\n\n<div class=\"wp-block-button aligncenter is-style-fill\"><a class=\"wp-block-button__link has-background wp-element-button\" href=\"mailto:arguenon.informatique@gmail.com\" style=\"background-color:#e8546d\" target=\"_blank\" rel=\"noreferrer noopener\">Rejoignez NOUS<\/a><\/div>\n<\/div><\/div>\n<\/div><\/div>\n\n\n\n<figure class=\"wp-block-gallery alignwide has-nested-images columns-default is-cropped wp-block-gallery-1 is-layout-flex wp-block-gallery-is-layout-flex\"><\/figure>\n","protected":false},"excerpt":{"rendered":"<p>AtelierPhoto Apprendre \u00e0 se servir de son appareil num\u00e9rique. AtelierInformatique Appr\u00e9hender internet et ses utilisations au quotidien. Atelier G\u00e9n\u00e9alogie Retrouver ses racines en ma\u00eetrisant l&rsquo;outil informatique. Devenez membre de l&rsquo;association<\/p>\n","protected":false},"author":1,"featured_media":0,"parent":0,"menu_order":0,"comment_status":"closed","ping_status":"closed","template":"","meta":{"footnotes":""},"class_list":["post-6","page","type-page","status-publish","hentry"],"yoast_head":"<!-- This site is optimized with the Yoast SEO plugin v27.2 - https:\/\/yoast.com\/product\/yoast-seo-wordpress\/ -->\n<title>- Arguenon Informatique<\/title>\n<meta name=\"description\" content=\"Devenez membre de l&#039;association\" \/>\n<meta name=\"robots\" content=\"index, follow, max-snippet:-1, max-image-preview:large, max-video-preview:-1\" \/>\n<link rel=\"canonical\" href=\"https:\/\/arguenon-info.org\/\" \/>\n<meta property=\"og:locale\" content=\"fr_FR\" \/>\n<meta property=\"og:type\" content=\"article\" \/>\n<meta property=\"og:title\" content=\"- Arguenon Informatique\" \/>\n<meta property=\"og:description\" content=\"Devenez membre de l&#039;association\" \/>\n<meta property=\"og:url\" content=\"https:\/\/arguenon-info.org\/\" \/>\n<meta property=\"og:site_name\" content=\"Arguenon Informatique\" \/>\n<meta property=\"article:publisher\" content=\"https:\/\/www.facebook.com\/profile.php?id=100089352846390\" \/>\n<meta property=\"article:modified_time\" content=\"2023-09-13T09:15:21+00:00\" \/>\n<meta property=\"og:image\" content=\"https:\/\/arguenon-info.org\/wp-content\/uploads\/2022\/09\/banniereA4890.png\" \/>\n<meta name=\"twitter:card\" content=\"summary_large_image\" \/>\n<meta name=\"twitter:label1\" content=\"Dur\u00e9e de lecture estim\u00e9e\" \/>\n\t<meta name=\"twitter:data1\" content=\"1 minute\" \/>\n<script type=\"application\/ld+json\" class=\"yoast-schema-graph\">{\"@context\":\"https:\/\/schema.org\",\"@graph\":[{\"@type\":\"WebPage\",\"@id\":\"https:\/\/arguenon-info.org\/\",\"url\":\"https:\/\/arguenon-info.org\/\",\"name\":\"- Arguenon Informatique\",\"isPartOf\":{\"@id\":\"https:\/\/arguenon-info.org\/#website\"},\"primaryImageOfPage\":{\"@id\":\"https:\/\/arguenon-info.org\/#primaryimage\"},\"image\":{\"@id\":\"https:\/\/arguenon-info.org\/#primaryimage\"},\"thumbnailUrl\":\"https:\/\/arguenon-info.org\/wp-content\/uploads\/2022\/09\/banniereA4890.png\",\"datePublished\":\"2022-09-22T18:11:22+00:00\",\"dateModified\":\"2023-09-13T09:15:21+00:00\",\"description\":\"Devenez membre de l'association\",\"inLanguage\":\"fr-FR\",\"potentialAction\":[{\"@type\":\"ReadAction\",\"target\":[\"https:\/\/arguenon-info.org\/\"]}]},{\"@type\":\"ImageObject\",\"inLanguage\":\"fr-FR\",\"@id\":\"https:\/\/arguenon-info.org\/#primaryimage\",\"url\":\"https:\/\/arguenon-info.org\/wp-content\/uploads\/2022\/09\/banniereA4890.png\",\"contentUrl\":\"https:\/\/arguenon-info.org\/wp-content\/uploads\/2022\/09\/banniereA4890.png\"},{\"@type\":\"WebSite\",\"@id\":\"https:\/\/arguenon-info.org\/#website\",\"url\":\"https:\/\/arguenon-info.org\/\",\"name\":\"Arguenon Informatique\",\"description\":\"Corseul &amp; Crehen (22)\",\"publisher\":{\"@id\":\"https:\/\/arguenon-info.org\/#organization\"},\"potentialAction\":[{\"@type\":\"SearchAction\",\"target\":{\"@type\":\"EntryPoint\",\"urlTemplate\":\"https:\/\/arguenon-info.org\/?s={search_term_string}\"},\"query-input\":{\"@type\":\"PropertyValueSpecification\",\"valueRequired\":true,\"valueName\":\"search_term_string\"}}],\"inLanguage\":\"fr-FR\"},{\"@type\":\"Organization\",\"@id\":\"https:\/\/arguenon-info.org\/#organization\",\"name\":\"Arguenon Informatiqu\",\"url\":\"https:\/\/arguenon-info.org\/\",\"logo\":{\"@type\":\"ImageObject\",\"inLanguage\":\"fr-FR\",\"@id\":\"https:\/\/arguenon-info.org\/#\/schema\/logo\/image\/\",\"url\":\"https:\/\/arguenon-info.org\/wp-content\/uploads\/2024\/11\/cropped-newlogoAI150.jpg\",\"contentUrl\":\"https:\/\/arguenon-info.org\/wp-content\/uploads\/2024\/11\/cropped-newlogoAI150.jpg\",\"width\":374,\"height\":150,\"caption\":\"Arguenon Informatiqu\"},\"image\":{\"@id\":\"https:\/\/arguenon-info.org\/#\/schema\/logo\/image\/\"},\"sameAs\":[\"https:\/\/www.facebook.com\/profile.php?id=100089352846390\"]}]}<\/script>\n<!-- \/ Yoast SEO plugin. -->","yoast_head_json":{"title":"- Arguenon Informatique","description":"Devenez membre de l'association","robots":{"index":"index","follow":"follow","max-snippet":"max-snippet:-1","max-image-preview":"max-image-preview:large","max-video-preview":"max-video-preview:-1"},"canonical":"https:\/\/arguenon-info.org\/","og_locale":"fr_FR","og_type":"article","og_title":"- Arguenon Informatique","og_description":"Devenez membre de l'association","og_url":"https:\/\/arguenon-info.org\/","og_site_name":"Arguenon Informatique","article_publisher":"https:\/\/www.facebook.com\/profile.php?id=100089352846390","article_modified_time":"2023-09-13T09:15:21+00:00","og_image":[{"url":"https:\/\/arguenon-info.org\/wp-content\/uploads\/2022\/09\/banniereA4890.png","type":"","width":"","height":""}],"twitter_card":"summary_large_image","twitter_misc":{"Dur\u00e9e de lecture estim\u00e9e":"1 minute"},"schema":{"@context":"https:\/\/schema.org","@graph":[{"@type":"WebPage","@id":"https:\/\/arguenon-info.org\/","url":"https:\/\/arguenon-info.org\/","name":"- Arguenon Informatique","isPartOf":{"@id":"https:\/\/arguenon-info.org\/#website"},"primaryImageOfPage":{"@id":"https:\/\/arguenon-info.org\/#primaryimage"},"image":{"@id":"https:\/\/arguenon-info.org\/#primaryimage"},"thumbnailUrl":"https:\/\/arguenon-info.org\/wp-content\/uploads\/2022\/09\/banniereA4890.png","datePublished":"2022-09-22T18:11:22+00:00","dateModified":"2023-09-13T09:15:21+00:00","description":"Devenez membre de l'association","inLanguage":"fr-FR","potentialAction":[{"@type":"ReadAction","target":["https:\/\/arguenon-info.org\/"]}]},{"@type":"ImageObject","inLanguage":"fr-FR","@id":"https:\/\/arguenon-info.org\/#primaryimage","url":"https:\/\/arguenon-info.org\/wp-content\/uploads\/2022\/09\/banniereA4890.png","contentUrl":"https:\/\/arguenon-info.org\/wp-content\/uploads\/2022\/09\/banniereA4890.png"},{"@type":"WebSite","@id":"https:\/\/arguenon-info.org\/#website","url":"https:\/\/arguenon-info.org\/","name":"Arguenon Informatique","description":"Corseul &amp; Crehen (22)","publisher":{"@id":"https:\/\/arguenon-info.org\/#organization"},"potentialAction":[{"@type":"SearchAction","target":{"@type":"EntryPoint","urlTemplate":"https:\/\/arguenon-info.org\/?s={search_term_string}"},"query-input":{"@type":"PropertyValueSpecification","valueRequired":true,"valueName":"search_term_string"}}],"inLanguage":"fr-FR"},{"@type":"Organization","@id":"https:\/\/arguenon-info.org\/#organization","name":"Arguenon Informatiqu","url":"https:\/\/arguenon-info.org\/","logo":{"@type":"ImageObject","inLanguage":"fr-FR","@id":"https:\/\/arguenon-info.org\/#\/schema\/logo\/image\/","url":"https:\/\/arguenon-info.org\/wp-content\/uploads\/2024\/11\/cropped-newlogoAI150.jpg","contentUrl":"https:\/\/arguenon-info.org\/wp-content\/uploads\/2024\/11\/cropped-newlogoAI150.jpg","width":374,"height":150,"caption":"Arguenon Informatiqu"},"image":{"@id":"https:\/\/arguenon-info.org\/#\/schema\/logo\/image\/"},"sameAs":["https:\/\/www.facebook.com\/profile.php?id=100089352846390"]}]}},"_links":{"self":[{"href":"https:\/\/arguenon-info.org\/index.php\/wp-json\/wp\/v2\/pages\/6","targetHints":{"allow":["GET"]}}],"collection":[{"href":"https:\/\/arguenon-info.org\/index.php\/wp-json\/wp\/v2\/pages"}],"about":[{"href":"https:\/\/arguenon-info.org\/index.php\/wp-json\/wp\/v2\/types\/page"}],"author":[{"embeddable":true,"href":"https:\/\/arguenon-info.org\/index.php\/wp-json\/wp\/v2\/users\/1"}],"replies":[{"embeddable":true,"href":"https:\/\/arguenon-info.org\/index.php\/wp-json\/wp\/v2\/comments?post=6"}],"version-history":[{"count":24,"href":"https:\/\/arguenon-info.org\/index.php\/wp-json\/wp\/v2\/pages\/6\/revisions"}],"predecessor-version":[{"id":263,"href":"https:\/\/arguenon-info.org\/index.php\/wp-json\/wp\/v2\/pages\/6\/revisions\/263"}],"wp:attachment":[{"href":"https:\/\/arguenon-info.org\/index.php\/wp-json\/wp\/v2\/media?parent=6"}],"curies":[{"name":"wp","href":"https:\/\/api.w.org\/{rel}","templated":true}]}}