{"id":57,"date":"2022-09-23T10:10:44","date_gmt":"2022-09-23T08:10:44","guid":{"rendered":"https:\/\/arguenon-info.org\/?page_id=57"},"modified":"2026-03-28T10:17:05","modified_gmt":"2026-03-28T09:17:05","slug":"atelier-informatique","status":"publish","type":"page","link":"https:\/\/arguenon-info.org\/index.php\/atelier-informatique\/","title":{"rendered":"Atelier Informatique"},"content":{"rendered":"\n<h4 class=\"wp-block-heading\">Les cours concernent le fonctionnement et l&rsquo;utilisation de l&rsquo;ordinateur et de ses p\u00e9riph\u00e9riques (souris, clavier, imprimante, etc&#8230;), la compr\u00e9hension du syst\u00e8me d&rsquo;exploitation (Windows), l&rsquo;usage des logiciels, de l&rsquo;internet, du courrier \u00e9lectronique, du smartphone, d&rsquo;une tablette, etc&#8230;<\/h4>\n\n\n\n<div class=\"wp-block-columns alignfull has-background-background-color has-background is-layout-flex wp-container-core-columns-is-layout-9d6595d7 wp-block-columns-is-layout-flex\">\n<div class=\"wp-block-column is-layout-flow wp-block-column-is-layout-flow\" style=\"flex-basis:50%\">\n<div class=\"wp-block-cover is-light\" style=\"min-height:600px;aspect-ratio:unset;\"><span aria-hidden=\"true\" class=\"wp-block-cover__background has-background-dim-100 has-background-dim\" style=\"background-color:#f6f6f6\"><\/span><div class=\"wp-block-cover__inner-container is-layout-flow wp-block-cover-is-layout-flow\"><div class=\"wp-block-image\">\n<figure class=\"aligncenter size-full\"><img loading=\"lazy\" decoding=\"async\" width=\"263\" height=\"300\" src=\"https:\/\/arguenon-info.org\/wp-content\/uploads\/2022\/09\/comprendreinternet.jpg\" alt=\"\" class=\"wp-image-58\"\/><\/figure>\n<\/div><\/div><\/div>\n<\/div>\n\n\n\n<div class=\"wp-block-column is-vertically-aligned-center is-layout-flow wp-block-column-is-layout-flow\" style=\"padding-top:1em;padding-right:1em;padding-bottom:1em;padding-left:1em\">\n<h2 class=\"wp-block-heading\" style=\"font-style:normal;font-weight:800\">Le Lundi de 9h30 \u00e0 11h30 \u00e0 <mark style=\"background-color:rgba(0, 0, 0, 0);color:#976f6f\" class=\"has-inline-color\">Cr\u00e9hen<\/mark><\/h2>\n\n\n\n<div class=\"wp-block-columns is-layout-flex wp-container-core-columns-is-layout-9d6595d7 wp-block-columns-is-layout-flex\">\n<div class=\"wp-block-column is-layout-flow wp-block-column-is-layout-flow\" style=\"flex-basis:320px\">\n<p class=\"has-medium-font-size\" style=\"line-height:1.6\"><strong>Au programme :<\/strong><\/p>\n\n\n\n<p class=\"has-small-font-size\" style=\"line-height:1.6\"><\/p>\n<\/div>\n<\/div>\n\n\n\n<ul class=\"wp-block-list\">\n<li>Initiation \u00e0 l&rsquo;informatique<\/li>\n\n\n\n<li>La d\u00e9couverte d&rsquo;Internet<\/li>\n<\/ul>\n\n\n\n<div class=\"wp-block-buttons is-content-justification-center is-layout-flex wp-container-core-buttons-is-layout-16018d1d wp-block-buttons-is-layout-flex\">\n<div class=\"wp-block-button is-style-outline is-style-outline--1\"><a class=\"wp-block-button__link has-black-color has-text-color has-background has-custom-font-size wp-element-button\" style=\"border-radius:0px;background-color:#b0d7eb;font-size:14px\">Niveau debutant<\/a><\/div>\n<\/div>\n\n\n\n<p><br><em>Animateurs : J. GAUTIER,  A.LEFEUVRE<\/em><\/p>\n<\/div>\n<\/div>\n\n\n\n<div class=\"wp-block-columns alignfull has-background-background-color has-background is-layout-flex wp-container-core-columns-is-layout-9d6595d7 wp-block-columns-is-layout-flex\">\n<div class=\"wp-block-column is-layout-flow wp-block-column-is-layout-flow\" style=\"flex-basis:50%\">\n<div class=\"wp-block-cover is-light\" style=\"min-height:600px;aspect-ratio:unset;\"><span aria-hidden=\"true\" class=\"wp-block-cover__background has-background-dim-100 has-background-dim\" style=\"background-color:#f6f6f6\"><\/span><div class=\"wp-block-cover__inner-container is-layout-flow wp-block-cover-is-layout-flow\"><div class=\"wp-block-image\">\n<figure class=\"aligncenter size-full\"><img loading=\"lazy\" decoding=\"async\" width=\"263\" height=\"300\" src=\"https:\/\/arguenon-info.org\/wp-content\/uploads\/2022\/09\/bureautique.jpg\" alt=\"\" class=\"wp-image-65\"\/><\/figure>\n<\/div><\/div><\/div>\n<\/div>\n\n\n\n<div class=\"wp-block-column is-vertically-aligned-center is-layout-flow wp-block-column-is-layout-flow\" style=\"padding-top:1em;padding-right:1em;padding-bottom:1em;padding-left:1em\">\n<h2 class=\"wp-block-heading\" style=\"font-style:normal;font-weight:800\">Le Lundi de 14h00 \u00e0 16h00 \u00e0 <mark style=\"background-color:rgba(0, 0, 0, 0);color:#976f6f\" class=\"has-inline-color\"><mark style=\"background-color:rgba(0, 0, 0, 0);color:#6b7344\" class=\"has-inline-color\">Corseul<\/mark><\/mark><\/h2>\n\n\n\n<div class=\"wp-block-columns is-layout-flex wp-container-core-columns-is-layout-9d6595d7 wp-block-columns-is-layout-flex\">\n<div class=\"wp-block-column is-layout-flow wp-block-column-is-layout-flow\" style=\"flex-basis:320px\">\n<p class=\"has-medium-font-size\" style=\"line-height:1.6\"><strong>Au programme :<\/strong><\/p>\n\n\n\n<p class=\"has-small-font-size\" style=\"line-height:1.6\"><\/p>\n<\/div>\n<\/div>\n\n\n\n<ul class=\"wp-block-list\">\n<li>Initiation \u00e0 l&rsquo;informatique<\/li>\n\n\n\n<li>La d\u00e9couverte d&rsquo;Internet<\/li>\n<\/ul>\n\n\n\n<div class=\"wp-block-buttons is-content-justification-center is-layout-flex wp-container-core-buttons-is-layout-16018d1d wp-block-buttons-is-layout-flex\">\n<div class=\"wp-block-button is-style-outline is-style-outline--2\"><a class=\"wp-block-button__link has-black-color has-text-color has-background has-custom-font-size wp-element-button\" style=\"border-radius:0px;background-color:#b0d7eb;font-size:14px\">Niveau debutant<\/a><\/div>\n<\/div>\n\n\n\n<p><br><em>Animateur : JL DEZANIAUX<\/em><\/p>\n<\/div>\n<\/div>\n\n\n\n<div class=\"wp-block-columns alignfull has-background-background-color has-background is-layout-flex wp-container-core-columns-is-layout-9d6595d7 wp-block-columns-is-layout-flex\">\n<div class=\"wp-block-column is-layout-flow wp-block-column-is-layout-flow\" style=\"flex-basis:50%\">\n<div class=\"wp-block-cover is-light\" style=\"min-height:600px;aspect-ratio:unset;\"><span aria-hidden=\"true\" class=\"wp-block-cover__background has-background-dim-100 has-background-dim\" style=\"background-color:#f6f6f6\"><\/span><div class=\"wp-block-cover__inner-container is-layout-flow wp-block-cover-is-layout-flow\"><div class=\"wp-block-image\">\n<figure class=\"aligncenter size-full\"><img loading=\"lazy\" decoding=\"async\" width=\"263\" height=\"300\" src=\"https:\/\/arguenon-info.org\/wp-content\/uploads\/2022\/09\/bureautique.jpg\" alt=\"\" class=\"wp-image-65\"\/><\/figure>\n<\/div><\/div><\/div>\n<\/div>\n\n\n\n<div class=\"wp-block-column is-vertically-aligned-center is-layout-flow wp-block-column-is-layout-flow\" style=\"padding-top:1em;padding-right:1em;padding-bottom:1em;padding-left:1em\">\n<h2 class=\"wp-block-heading\" style=\"font-style:normal;font-weight:800\">Le Mercredi de 18h30 \u00e0 20h30 \u00e0 <mark style=\"background-color:rgba(0, 0, 0, 0);color:#976f6f\" class=\"has-inline-color\"><mark style=\"background-color:rgba(0, 0, 0, 0);color:#6b7344\" class=\"has-inline-color\">Corseul<\/mark><\/mark><\/h2>\n\n\n\n<div class=\"wp-block-columns is-layout-flex wp-container-core-columns-is-layout-9d6595d7 wp-block-columns-is-layout-flex\">\n<div class=\"wp-block-column is-layout-flow wp-block-column-is-layout-flow\" style=\"flex-basis:320px\">\n<p class=\"has-medium-font-size\" style=\"line-height:1.6\"><strong>Au programme :<\/strong><\/p>\n\n\n\n<p class=\"has-small-font-size\" style=\"line-height:1.6\"><\/p>\n<\/div>\n<\/div>\n\n\n\n<ul class=\"wp-block-list\">\n<li>D\u00e9butant en bureautique<\/li>\n\n\n\n<li>Utilisation de Libre Office<\/li>\n\n\n\n<li>Utilisation internet<\/li>\n<\/ul>\n\n\n\n<div class=\"wp-block-buttons is-content-justification-center is-layout-flex wp-container-core-buttons-is-layout-16018d1d wp-block-buttons-is-layout-flex\">\n<div class=\"wp-block-button is-style-outline is-style-outline--3\"><a class=\"wp-block-button__link has-black-color has-text-color has-background has-custom-font-size wp-element-button\" style=\"border-radius:0px;background-color:#b0d7eb;font-size:14px\">Niveau debutant<\/a><\/div>\n<\/div>\n\n\n\n<p><br><em>Animateur : A.MORICE<\/em><\/p>\n<\/div>\n<\/div>\n\n\n\n<div class=\"wp-block-columns alignfull has-subtle-background-background-color has-background is-layout-flex wp-container-core-columns-is-layout-9d6595d7 wp-block-columns-is-layout-flex\">\n<div class=\"wp-block-column is-layout-flow wp-block-column-is-layout-flow\" style=\"flex-basis:50%\">\n<div class=\"wp-block-cover is-light\" style=\"min-height:600px;aspect-ratio:unset;\"><span aria-hidden=\"true\" class=\"wp-block-cover__background has-background-dim-100 has-background-dim\" style=\"background-color:#f6f6f6\"><\/span><div class=\"wp-block-cover__inner-container is-layout-flow wp-block-cover-is-layout-flow\"><div class=\"wp-block-image\">\n<figure class=\"aligncenter size-full\"><img loading=\"lazy\" decoding=\"async\" width=\"263\" height=\"300\" src=\"https:\/\/arguenon-info.org\/wp-content\/uploads\/2022\/09\/reseauxsociaux.jpg\" alt=\"\" class=\"wp-image-66\"\/><\/figure>\n<\/div><\/div><\/div>\n<\/div>\n\n\n\n<div class=\"wp-block-column is-vertically-aligned-center is-layout-flow wp-block-column-is-layout-flow\" style=\"padding-top:1em;padding-right:1em;padding-bottom:1em;padding-left:1em\">\n<h2 class=\"wp-block-heading\" style=\"font-style:normal;font-weight:800\">Le Jeudi de 18h30 \u00e0 20h30 \u00e0 <mark style=\"background-color:rgba(0, 0, 0, 0);color:#6b7344\" class=\"has-inline-color\"><mark style=\"background-color:rgba(0, 0, 0, 0);color:#976f6f\" class=\"has-inline-color\"><mark style=\"background-color:rgba(0, 0, 0, 0);color:#976f6f\" class=\"has-inline-color\"><mark style=\"background-color:rgba(0, 0, 0, 0);color:#6b7344\" class=\"has-inline-color\"><mark style=\"background-color:rgba(0, 0, 0, 0);color:#6b7344\" class=\"has-inline-color\"><mark style=\"background-color:rgba(0, 0, 0, 0);color:#976f6f\" class=\"has-inline-color\">Cr\u00e9hen<\/mark><\/mark><\/mark><\/mark><\/mark><\/mark><\/h2>\n\n\n\n<div class=\"wp-block-columns is-layout-flex wp-container-core-columns-is-layout-9d6595d7 wp-block-columns-is-layout-flex\">\n<div class=\"wp-block-column is-layout-flow wp-block-column-is-layout-flow\" style=\"flex-basis:320px\">\n<p class=\"has-medium-font-size\" style=\"line-height:1.6\"><strong>Au programme :<\/strong><\/p>\n\n\n\n<p class=\"has-small-font-size\" style=\"line-height:1.6\"><\/p>\n<\/div>\n<\/div>\n\n\n\n<ul class=\"wp-block-list\">\n<li>Internet<\/li>\n\n\n\n<li>Gestion de messagerie<\/li>\n\n\n\n<li>R\u00e9seaux sociaux<\/li>\n\n\n\n<li>Tablette<\/li>\n\n\n\n<li>Smartphone<\/li>\n<\/ul>\n\n\n\n<div class=\"wp-block-buttons is-content-justification-center is-layout-flex wp-container-core-buttons-is-layout-16018d1d wp-block-buttons-is-layout-flex\">\n<div class=\"wp-block-button is-style-outline is-style-outline--4\"><a class=\"wp-block-button__link has-black-color has-text-color has-background has-custom-font-size wp-element-button\" style=\"border-radius:0px;background-color:#efce7a;font-size:14px\">Niveau debutant avec notions informatiques<\/a><\/div>\n<\/div>\n\n\n\n<p><br><em>Animateur : T.PERROT<\/em><\/p>\n<\/div>\n<\/div>\n\n\n\n<div class=\"wp-block-columns alignfull has-subtle-background-background-color has-background is-layout-flex wp-container-core-columns-is-layout-9d6595d7 wp-block-columns-is-layout-flex\">\n<div class=\"wp-block-column is-layout-flow wp-block-column-is-layout-flow\" style=\"flex-basis:50%\">\n<div class=\"wp-block-cover is-light\" style=\"min-height:600px;aspect-ratio:unset;\"><span aria-hidden=\"true\" class=\"wp-block-cover__background has-background-dim-100 has-background-dim\" style=\"background-color:#f6f6f6\"><\/span><div class=\"wp-block-cover__inner-container is-layout-flow wp-block-cover-is-layout-flow\"><div class=\"wp-block-image\">\n<figure class=\"aligncenter size-full\"><img loading=\"lazy\" decoding=\"async\" width=\"263\" height=\"300\" src=\"https:\/\/arguenon-info.org\/wp-content\/uploads\/2022\/09\/bricole.jpg\" alt=\"\" class=\"wp-image-54\"\/><\/figure>\n<\/div><\/div><\/div>\n<\/div>\n\n\n\n<div class=\"wp-block-column is-vertically-aligned-center is-layout-flow wp-block-column-is-layout-flow\" style=\"padding-top:1em;padding-right:1em;padding-bottom:1em;padding-left:1em\">\n<h2 class=\"wp-block-heading\" style=\"font-style:normal;font-weight:800\">Le Samedi de 10h \u00e0 12h30 \u00e0 <mark style=\"background-color:rgba(0, 0, 0, 0);color:#6b7344\" class=\"has-inline-color\">Corseul<\/mark><\/h2>\n\n\n\n<div class=\"wp-block-columns is-layout-flex wp-container-core-columns-is-layout-9d6595d7 wp-block-columns-is-layout-flex\">\n<div class=\"wp-block-column is-layout-flow wp-block-column-is-layout-flow\" style=\"flex-basis:320px\">\n<p class=\"has-text-color has-medium-font-size\" style=\"color:#e8546d;line-height:1.6\"><strong>SUR DEMANDE<\/strong><\/p>\n\n\n\n<p class=\"has-small-font-size\" style=\"line-height:1.6\"><\/p>\n<\/div>\n<\/div>\n\n\n\n<ul class=\"wp-block-list\">\n<li>Bidouille et bricolage, sur demande<\/li>\n<\/ul>\n\n\n\n<div class=\"wp-block-buttons is-content-justification-center is-layout-flex wp-container-core-buttons-is-layout-16018d1d wp-block-buttons-is-layout-flex\">\n<div class=\"wp-block-button is-style-outline is-style-outline--5\"><a class=\"wp-block-button__link has-white-color has-text-color has-background has-custom-font-size wp-element-button\" style=\"border-radius:0px;background-color:#976f6f;font-size:14px\">TOUS NIVEAUX<\/a><\/div>\n<\/div>\n\n\n\n<p><em>Animateur : J.GAUTIER<\/em><\/p>\n<\/div>\n<\/div>\n","protected":false},"excerpt":{"rendered":"<p>Les cours concernent le fonctionnement et l&rsquo;utilisation de l&rsquo;ordinateur et de ses p\u00e9riph\u00e9riques (souris, clavier, imprimante, etc&#8230;), la compr\u00e9hension du syst\u00e8me d&rsquo;exploitation (Windows), l&rsquo;usage des logiciels, de l&rsquo;internet, du courrier &#8230;<\/p>\n","protected":false},"author":1,"featured_media":0,"parent":0,"menu_order":0,"comment_status":"closed","ping_status":"closed","template":"","meta":{"footnotes":""},"class_list":["post-57","page","type-page","status-publish","hentry"],"yoast_head":"<!-- This site is optimized with the Yoast SEO plugin v27.2 - https:\/\/yoast.com\/product\/yoast-seo-wordpress\/ -->\n<title>Atelier Informatique - Arguenon Informatique<\/title>\n<meta name=\"description\" content=\"Les cours concernent le fonctionnement et l&#039;utilisation de l&#039;ordinateur et de ses p\u00e9riph\u00e9riques (souris, clavier, imprimante, etc...), la compr\u00e9hension du syst\u00e8me d&#039;exploitation (Windows), l&#039;usage des logiciels, de l&#039;internet, du courrier \u00e9lectronique, du smartphone, d&#039;une tablette, etc...\" \/>\n<meta name=\"robots\" content=\"index, follow, max-snippet:-1, max-image-preview:large, max-video-preview:-1\" \/>\n<link rel=\"canonical\" href=\"https:\/\/arguenon-info.org\/index.php\/atelier-informatique\/\" \/>\n<meta property=\"og:locale\" content=\"fr_FR\" \/>\n<meta property=\"og:type\" content=\"article\" \/>\n<meta property=\"og:title\" content=\"Atelier Informatique - Arguenon Informatique\" \/>\n<meta property=\"og:description\" content=\"Les cours concernent le fonctionnement et l&#039;utilisation de l&#039;ordinateur et de ses p\u00e9riph\u00e9riques (souris, clavier, imprimante, etc...), la compr\u00e9hension du syst\u00e8me d&#039;exploitation (Windows), l&#039;usage des logiciels, de l&#039;internet, du courrier \u00e9lectronique, du smartphone, d&#039;une tablette, etc...\" \/>\n<meta property=\"og:url\" content=\"https:\/\/arguenon-info.org\/index.php\/atelier-informatique\/\" \/>\n<meta property=\"og:site_name\" content=\"Arguenon Informatique\" \/>\n<meta property=\"article:publisher\" content=\"https:\/\/www.facebook.com\/profile.php?id=100089352846390\" \/>\n<meta property=\"article:modified_time\" content=\"2026-03-28T09:17:05+00:00\" \/>\n<meta property=\"og:image\" content=\"https:\/\/arguenon-info.org\/wp-content\/uploads\/2022\/09\/comprendreinternet.jpg\" \/>\n\t<meta property=\"og:image:width\" content=\"263\" \/>\n\t<meta property=\"og:image:height\" content=\"300\" \/>\n\t<meta property=\"og:image:type\" content=\"image\/jpeg\" \/>\n<meta name=\"twitter:card\" content=\"summary_large_image\" \/>\n<meta name=\"twitter:label1\" content=\"Dur\u00e9e de lecture estim\u00e9e\" \/>\n\t<meta name=\"twitter:data1\" content=\"2 minutes\" \/>\n<script type=\"application\/ld+json\" class=\"yoast-schema-graph\">{\"@context\":\"https:\/\/schema.org\",\"@graph\":[{\"@type\":\"WebPage\",\"@id\":\"https:\/\/arguenon-info.org\/index.php\/atelier-informatique\/\",\"url\":\"https:\/\/arguenon-info.org\/index.php\/atelier-informatique\/\",\"name\":\"Atelier Informatique - Arguenon Informatique\",\"isPartOf\":{\"@id\":\"https:\/\/arguenon-info.org\/#website\"},\"primaryImageOfPage\":{\"@id\":\"https:\/\/arguenon-info.org\/index.php\/atelier-informatique\/#primaryimage\"},\"image\":{\"@id\":\"https:\/\/arguenon-info.org\/index.php\/atelier-informatique\/#primaryimage\"},\"thumbnailUrl\":\"https:\/\/arguenon-info.org\/wp-content\/uploads\/2022\/09\/comprendreinternet.jpg\",\"datePublished\":\"2022-09-23T08:10:44+00:00\",\"dateModified\":\"2026-03-28T09:17:05+00:00\",\"description\":\"Les cours concernent le fonctionnement et l'utilisation de l'ordinateur et de ses p\u00e9riph\u00e9riques (souris, clavier, imprimante, etc...), la compr\u00e9hension du syst\u00e8me d'exploitation (Windows), l'usage des logiciels, de l'internet, du courrier \u00e9lectronique, du smartphone, d'une tablette, etc...\",\"breadcrumb\":{\"@id\":\"https:\/\/arguenon-info.org\/index.php\/atelier-informatique\/#breadcrumb\"},\"inLanguage\":\"fr-FR\",\"potentialAction\":[{\"@type\":\"ReadAction\",\"target\":[\"https:\/\/arguenon-info.org\/index.php\/atelier-informatique\/\"]}]},{\"@type\":\"ImageObject\",\"inLanguage\":\"fr-FR\",\"@id\":\"https:\/\/arguenon-info.org\/index.php\/atelier-informatique\/#primaryimage\",\"url\":\"https:\/\/arguenon-info.org\/wp-content\/uploads\/2022\/09\/comprendreinternet.jpg\",\"contentUrl\":\"https:\/\/arguenon-info.org\/wp-content\/uploads\/2022\/09\/comprendreinternet.jpg\"},{\"@type\":\"BreadcrumbList\",\"@id\":\"https:\/\/arguenon-info.org\/index.php\/atelier-informatique\/#breadcrumb\",\"itemListElement\":[{\"@type\":\"ListItem\",\"position\":1,\"name\":\"Accueil\",\"item\":\"https:\/\/arguenon-info.org\/\"},{\"@type\":\"ListItem\",\"position\":2,\"name\":\"Atelier Informatique\"}]},{\"@type\":\"WebSite\",\"@id\":\"https:\/\/arguenon-info.org\/#website\",\"url\":\"https:\/\/arguenon-info.org\/\",\"name\":\"Arguenon Informatique\",\"description\":\"Corseul &amp; Crehen (22)\",\"publisher\":{\"@id\":\"https:\/\/arguenon-info.org\/#organization\"},\"potentialAction\":[{\"@type\":\"SearchAction\",\"target\":{\"@type\":\"EntryPoint\",\"urlTemplate\":\"https:\/\/arguenon-info.org\/?s={search_term_string}\"},\"query-input\":{\"@type\":\"PropertyValueSpecification\",\"valueRequired\":true,\"valueName\":\"search_term_string\"}}],\"inLanguage\":\"fr-FR\"},{\"@type\":\"Organization\",\"@id\":\"https:\/\/arguenon-info.org\/#organization\",\"name\":\"Arguenon Informatiqu\",\"url\":\"https:\/\/arguenon-info.org\/\",\"logo\":{\"@type\":\"ImageObject\",\"inLanguage\":\"fr-FR\",\"@id\":\"https:\/\/arguenon-info.org\/#\/schema\/logo\/image\/\",\"url\":\"https:\/\/arguenon-info.org\/wp-content\/uploads\/2024\/11\/cropped-newlogoAI150.jpg\",\"contentUrl\":\"https:\/\/arguenon-info.org\/wp-content\/uploads\/2024\/11\/cropped-newlogoAI150.jpg\",\"width\":374,\"height\":150,\"caption\":\"Arguenon Informatiqu\"},\"image\":{\"@id\":\"https:\/\/arguenon-info.org\/#\/schema\/logo\/image\/\"},\"sameAs\":[\"https:\/\/www.facebook.com\/profile.php?id=100089352846390\"]}]}<\/script>\n<!-- \/ Yoast SEO plugin. -->","yoast_head_json":{"title":"Atelier Informatique - Arguenon Informatique","description":"Les cours concernent le fonctionnement et l'utilisation de l'ordinateur et de ses p\u00e9riph\u00e9riques (souris, clavier, imprimante, etc...), la compr\u00e9hension du syst\u00e8me d'exploitation (Windows), l'usage des logiciels, de l'internet, du courrier \u00e9lectronique, du smartphone, d'une tablette, etc...","robots":{"index":"index","follow":"follow","max-snippet":"max-snippet:-1","max-image-preview":"max-image-preview:large","max-video-preview":"max-video-preview:-1"},"canonical":"https:\/\/arguenon-info.org\/index.php\/atelier-informatique\/","og_locale":"fr_FR","og_type":"article","og_title":"Atelier Informatique - Arguenon Informatique","og_description":"Les cours concernent le fonctionnement et l'utilisation de l'ordinateur et de ses p\u00e9riph\u00e9riques (souris, clavier, imprimante, etc...), la compr\u00e9hension du syst\u00e8me d'exploitation (Windows), l'usage des logiciels, de l'internet, du courrier \u00e9lectronique, du smartphone, d'une tablette, etc...","og_url":"https:\/\/arguenon-info.org\/index.php\/atelier-informatique\/","og_site_name":"Arguenon Informatique","article_publisher":"https:\/\/www.facebook.com\/profile.php?id=100089352846390","article_modified_time":"2026-03-28T09:17:05+00:00","og_image":[{"width":263,"height":300,"url":"https:\/\/arguenon-info.org\/wp-content\/uploads\/2022\/09\/comprendreinternet.jpg","type":"image\/jpeg"}],"twitter_card":"summary_large_image","twitter_misc":{"Dur\u00e9e de lecture estim\u00e9e":"2 minutes"},"schema":{"@context":"https:\/\/schema.org","@graph":[{"@type":"WebPage","@id":"https:\/\/arguenon-info.org\/index.php\/atelier-informatique\/","url":"https:\/\/arguenon-info.org\/index.php\/atelier-informatique\/","name":"Atelier Informatique - Arguenon Informatique","isPartOf":{"@id":"https:\/\/arguenon-info.org\/#website"},"primaryImageOfPage":{"@id":"https:\/\/arguenon-info.org\/index.php\/atelier-informatique\/#primaryimage"},"image":{"@id":"https:\/\/arguenon-info.org\/index.php\/atelier-informatique\/#primaryimage"},"thumbnailUrl":"https:\/\/arguenon-info.org\/wp-content\/uploads\/2022\/09\/comprendreinternet.jpg","datePublished":"2022-09-23T08:10:44+00:00","dateModified":"2026-03-28T09:17:05+00:00","description":"Les cours concernent le fonctionnement et l'utilisation de l'ordinateur et de ses p\u00e9riph\u00e9riques (souris, clavier, imprimante, etc...), la compr\u00e9hension du syst\u00e8me d'exploitation (Windows), l'usage des logiciels, de l'internet, du courrier \u00e9lectronique, du smartphone, d'une tablette, etc...","breadcrumb":{"@id":"https:\/\/arguenon-info.org\/index.php\/atelier-informatique\/#breadcrumb"},"inLanguage":"fr-FR","potentialAction":[{"@type":"ReadAction","target":["https:\/\/arguenon-info.org\/index.php\/atelier-informatique\/"]}]},{"@type":"ImageObject","inLanguage":"fr-FR","@id":"https:\/\/arguenon-info.org\/index.php\/atelier-informatique\/#primaryimage","url":"https:\/\/arguenon-info.org\/wp-content\/uploads\/2022\/09\/comprendreinternet.jpg","contentUrl":"https:\/\/arguenon-info.org\/wp-content\/uploads\/2022\/09\/comprendreinternet.jpg"},{"@type":"BreadcrumbList","@id":"https:\/\/arguenon-info.org\/index.php\/atelier-informatique\/#breadcrumb","itemListElement":[{"@type":"ListItem","position":1,"name":"Accueil","item":"https:\/\/arguenon-info.org\/"},{"@type":"ListItem","position":2,"name":"Atelier Informatique"}]},{"@type":"WebSite","@id":"https:\/\/arguenon-info.org\/#website","url":"https:\/\/arguenon-info.org\/","name":"Arguenon Informatique","description":"Corseul &amp; Crehen (22)","publisher":{"@id":"https:\/\/arguenon-info.org\/#organization"},"potentialAction":[{"@type":"SearchAction","target":{"@type":"EntryPoint","urlTemplate":"https:\/\/arguenon-info.org\/?s={search_term_string}"},"query-input":{"@type":"PropertyValueSpecification","valueRequired":true,"valueName":"search_term_string"}}],"inLanguage":"fr-FR"},{"@type":"Organization","@id":"https:\/\/arguenon-info.org\/#organization","name":"Arguenon Informatiqu","url":"https:\/\/arguenon-info.org\/","logo":{"@type":"ImageObject","inLanguage":"fr-FR","@id":"https:\/\/arguenon-info.org\/#\/schema\/logo\/image\/","url":"https:\/\/arguenon-info.org\/wp-content\/uploads\/2024\/11\/cropped-newlogoAI150.jpg","contentUrl":"https:\/\/arguenon-info.org\/wp-content\/uploads\/2024\/11\/cropped-newlogoAI150.jpg","width":374,"height":150,"caption":"Arguenon Informatiqu"},"image":{"@id":"https:\/\/arguenon-info.org\/#\/schema\/logo\/image\/"},"sameAs":["https:\/\/www.facebook.com\/profile.php?id=100089352846390"]}]}},"_links":{"self":[{"href":"https:\/\/arguenon-info.org\/index.php\/wp-json\/wp\/v2\/pages\/57","targetHints":{"allow":["GET"]}}],"collection":[{"href":"https:\/\/arguenon-info.org\/index.php\/wp-json\/wp\/v2\/pages"}],"about":[{"href":"https:\/\/arguenon-info.org\/index.php\/wp-json\/wp\/v2\/types\/page"}],"author":[{"embeddable":true,"href":"https:\/\/arguenon-info.org\/index.php\/wp-json\/wp\/v2\/users\/1"}],"replies":[{"embeddable":true,"href":"https:\/\/arguenon-info.org\/index.php\/wp-json\/wp\/v2\/comments?post=57"}],"version-history":[{"count":21,"href":"https:\/\/arguenon-info.org\/index.php\/wp-json\/wp\/v2\/pages\/57\/revisions"}],"predecessor-version":[{"id":550,"href":"https:\/\/arguenon-info.org\/index.php\/wp-json\/wp\/v2\/pages\/57\/revisions\/550"}],"wp:attachment":[{"href":"https:\/\/arguenon-info.org\/index.php\/wp-json\/wp\/v2\/media?parent=57"}],"curies":[{"name":"wp","href":"https:\/\/api.w.org\/{rel}","templated":true}]}}