{"id":245,"date":"2023-09-13T10:52:49","date_gmt":"2023-09-13T08:52:49","guid":{"rendered":"https:\/\/arguenon-info.org\/?page_id=245"},"modified":"2025-09-18T13:45:21","modified_gmt":"2025-09-18T11:45:21","slug":"infos","status":"publish","type":"page","link":"https:\/\/arguenon-info.org\/index.php\/infos\/","title":{"rendered":"Infos"},"content":{"rendered":"\n<div class=\"wp-block-group alignfull has-background is-nowrap is-layout-flex wp-container-core-group-is-layout-ad2f72ca wp-block-group-is-layout-flex\" style=\"background-color:#f2f0e9\">\n<div style=\"height:70px;width:0px\" aria-hidden=\"true\" class=\"wp-block-spacer wp-container-content-95b39f08\"><\/div>\n\n\n\n<div class=\"wp-block-columns alignwide are-vertically-aligned-center is-layout-flex wp-container-core-columns-is-layout-9d6595d7 wp-block-columns-is-layout-flex\">\n<div class=\"wp-block-column is-layout-flow wp-block-column-is-layout-flow\" style=\"flex-basis:50%\">\n<p class=\"has-text-color\" style=\"color:#000000;font-size:30px;line-height:1.1\"><strong>Vous allez pouvoir travailler !<\/strong><\/p>\n<\/div>\n\n\n\n<div class=\"wp-block-column is-layout-flow wp-block-column-is-layout-flow\" style=\"flex-basis:50%\"><\/div>\n<\/div>\n\n\n\n<div class=\"wp-block-columns alignwide is-layout-flex wp-container-core-columns-is-layout-9d6595d7 wp-block-columns-is-layout-flex\">\n<div class=\"wp-block-column is-vertically-aligned-center has-luminous-vivid-amber-background-color has-background is-layout-flow wp-block-column-is-layout-flow\">\n<h5 class=\"wp-block-heading has-text-align-center\">Cotisations &#8211; Sept 2024 \u00e0 Juin 2025<\/h5>\n\n\n\n<p class=\"has-text-align-center\">Adulte : 50\u20ac<br>Jeune -16 ans : 25\u20ac<br>Apprenti &amp; Etudiant : 25\u20ac<br>Demandeur d&#8217;emploi : 25\u20ac<br><\/p>\n\n\n\n<p class=\"has-text-align-center\">Pas de cours en p\u00e9riode de vacances scolaires<\/p>\n<\/div>\n\n\n\n<div class=\"wp-block-column is-vertically-aligned-center is-layout-flow wp-block-column-is-layout-flow\">\n<ul style=\"color:#000000\" class=\"wp-block-list has-text-color has-extra-small-font-size\">\n<li>18 formateurs b\u00e9n\u00e9voles<\/li>\n\n\n\n<li>2 salles<\/li>\n\n\n\n<li>29 ordinateurs<\/li>\n\n\n\n<li>6 imprimantes<\/li>\n\n\n\n<li>2 vid\u00e9oprojecteurs<\/li>\n\n\n\n<li>2 scanners<\/li>\n\n\n\n<li>Environnement Windows<\/li>\n<\/ul>\n<\/div>\n\n\n\n<div class=\"wp-block-column is-vertically-aligned-center is-layout-flow wp-block-column-is-layout-flow\">\n<p class=\"has-text-color has-extra-small-font-size\" style=\"color:#000000\">Salles Informatiques \u00e0 Corseul et Cr\u00e9hen<br>Adressez-vous aux mairies respectives<\/p>\n<\/div>\n<\/div>\n\n\n\n<div style=\"height:40px;width:0px\" aria-hidden=\"true\" class=\"wp-block-spacer wp-container-content-28f0cd9b\"><\/div>\n<\/div>\n\n\n\n<div class=\"wp-block-columns alignfull is-layout-flex wp-container-core-columns-is-layout-9d6595d7 wp-block-columns-is-layout-flex\">\n<div class=\"wp-block-column is-layout-flow wp-block-column-is-layout-flow\" style=\"flex-basis:50%\">\n<div class=\"wp-block-cover is-light\" style=\"min-height:600px;aspect-ratio:unset;\"><span aria-hidden=\"true\" class=\"wp-block-cover__background has-background-dim-100 has-background-dim\" style=\"background-color:#f6f6f6\"><\/span><div class=\"wp-block-cover__inner-container is-layout-flow wp-block-cover-is-layout-flow\"><div class=\"wp-block-image\">\n<figure class=\"aligncenter size-medium\"><img loading=\"lazy\" decoding=\"async\" width=\"300\" height=\"120\" src=\"https:\/\/arguenon-info.org\/wp-content\/uploads\/2024\/11\/cropped-newlogoAI150-300x120.jpg\" alt=\"\" class=\"wp-image-434\" srcset=\"https:\/\/arguenon-info.org\/wp-content\/uploads\/2024\/11\/cropped-newlogoAI150-300x120.jpg 300w, https:\/\/arguenon-info.org\/wp-content\/uploads\/2024\/11\/cropped-newlogoAI150.jpg 374w\" sizes=\"auto, (max-width: 300px) 100vw, 300px\" \/><\/figure>\n<\/div><\/div><\/div>\n<\/div>\n\n\n\n<div class=\"wp-block-column is-vertically-aligned-center is-layout-flow wp-block-column-is-layout-flow\" style=\"padding-top:1em;padding-right:1em;padding-bottom:1em;padding-left:1em\">\n<div class=\"wp-block-columns is-layout-flex wp-container-core-columns-is-layout-9d6595d7 wp-block-columns-is-layout-flex\">\n<div class=\"wp-block-column is-layout-flow wp-block-column-is-layout-flow\" style=\"flex-basis:320px\">\n<p class=\"has-small-font-size\" style=\"line-height:1.6\"><strong>Avion<\/strong><\/p>\n\n\n\n<p>Le Bureau<\/p>\n\n\n\n<p class=\"has-small-font-size\" style=\"line-height:1.6\">Pr\u00e9sident : Jacques GAUTIER<br>Vice-Pr\u00e9sident : Jean-Pierre GICQUEL<br>Secr\u00e9taire : Solange TRASSARD<br>Secr\u00e9taire adjointe\/webmaster : C\u00e9cile BOLZER<br>Tr\u00e9sori\u00e8re : Nicole TRINTIGNAC<br>Tr\u00e9sori\u00e8re adjointe : Martine LANGLOIS<br>Organisation concours photos : Dominique BREUILLET<\/p>\n\n\n\n<p class=\"has-small-font-size\" style=\"line-height:1.6\"><\/p>\n<\/div>\n<\/div>\n<\/div>\n<\/div>\n","protected":false},"excerpt":{"rendered":"<p>Vous allez pouvoir travailler ! Cotisations &#8211; Sept 2024 \u00e0 Juin 2025 Adulte : 50\u20acJeune -16 ans : 25\u20acApprenti &amp; Etudiant : 25\u20acDemandeur d&#8217;emploi : 25\u20ac Pas de cours en &#8230;<\/p>\n","protected":false},"author":1,"featured_media":0,"parent":0,"menu_order":0,"comment_status":"closed","ping_status":"closed","template":"","meta":{"footnotes":""},"class_list":["post-245","page","type-page","status-publish","hentry"],"yoast_head":"<!-- This site is optimized with the Yoast SEO plugin v27.2 - https:\/\/yoast.com\/product\/yoast-seo-wordpress\/ -->\n<title>Infos - Arguenon Informatique<\/title>\n<meta name=\"description\" content=\"Les tarifs de l&#039;association Arguenon Informatique\" \/>\n<meta name=\"robots\" content=\"index, follow, max-snippet:-1, max-image-preview:large, max-video-preview:-1\" \/>\n<link rel=\"canonical\" href=\"https:\/\/arguenon-info.org\/index.php\/infos\/\" \/>\n<meta property=\"og:locale\" content=\"fr_FR\" \/>\n<meta property=\"og:type\" content=\"article\" \/>\n<meta property=\"og:title\" content=\"Infos - Arguenon Informatique\" \/>\n<meta property=\"og:description\" content=\"Les tarifs de l&#039;association Arguenon Informatique\" \/>\n<meta property=\"og:url\" content=\"https:\/\/arguenon-info.org\/index.php\/infos\/\" \/>\n<meta property=\"og:site_name\" content=\"Arguenon Informatique\" \/>\n<meta property=\"article:publisher\" content=\"https:\/\/www.facebook.com\/profile.php?id=100089352846390\" \/>\n<meta property=\"article:modified_time\" content=\"2025-09-18T11:45:21+00:00\" \/>\n<meta property=\"og:image\" content=\"https:\/\/arguenon-info.org\/wp-content\/uploads\/2024\/11\/cropped-newlogoAI150.jpg\" \/>\n\t<meta property=\"og:image:width\" content=\"374\" \/>\n\t<meta property=\"og:image:height\" content=\"150\" \/>\n\t<meta property=\"og:image:type\" content=\"image\/jpeg\" \/>\n<meta name=\"twitter:card\" content=\"summary_large_image\" \/>\n<meta name=\"twitter:label1\" content=\"Dur\u00e9e de lecture estim\u00e9e\" \/>\n\t<meta name=\"twitter:data1\" content=\"1 minute\" \/>\n<script type=\"application\/ld+json\" class=\"yoast-schema-graph\">{\"@context\":\"https:\/\/schema.org\",\"@graph\":[{\"@type\":\"WebPage\",\"@id\":\"https:\/\/arguenon-info.org\/index.php\/infos\/\",\"url\":\"https:\/\/arguenon-info.org\/index.php\/infos\/\",\"name\":\"Infos - Arguenon Informatique\",\"isPartOf\":{\"@id\":\"https:\/\/arguenon-info.org\/#website\"},\"primaryImageOfPage\":{\"@id\":\"https:\/\/arguenon-info.org\/index.php\/infos\/#primaryimage\"},\"image\":{\"@id\":\"https:\/\/arguenon-info.org\/index.php\/infos\/#primaryimage\"},\"thumbnailUrl\":\"https:\/\/arguenon-info.org\/wp-content\/uploads\/2024\/11\/cropped-newlogoAI150-300x120.jpg\",\"datePublished\":\"2023-09-13T08:52:49+00:00\",\"dateModified\":\"2025-09-18T11:45:21+00:00\",\"description\":\"Les tarifs de l'association Arguenon Informatique\",\"breadcrumb\":{\"@id\":\"https:\/\/arguenon-info.org\/index.php\/infos\/#breadcrumb\"},\"inLanguage\":\"fr-FR\",\"potentialAction\":[{\"@type\":\"ReadAction\",\"target\":[\"https:\/\/arguenon-info.org\/index.php\/infos\/\"]}]},{\"@type\":\"ImageObject\",\"inLanguage\":\"fr-FR\",\"@id\":\"https:\/\/arguenon-info.org\/index.php\/infos\/#primaryimage\",\"url\":\"https:\/\/arguenon-info.org\/wp-content\/uploads\/2024\/11\/cropped-newlogoAI150.jpg\",\"contentUrl\":\"https:\/\/arguenon-info.org\/wp-content\/uploads\/2024\/11\/cropped-newlogoAI150.jpg\",\"width\":374,\"height\":150},{\"@type\":\"BreadcrumbList\",\"@id\":\"https:\/\/arguenon-info.org\/index.php\/infos\/#breadcrumb\",\"itemListElement\":[{\"@type\":\"ListItem\",\"position\":1,\"name\":\"Accueil\",\"item\":\"https:\/\/arguenon-info.org\/\"},{\"@type\":\"ListItem\",\"position\":2,\"name\":\"Infos\"}]},{\"@type\":\"WebSite\",\"@id\":\"https:\/\/arguenon-info.org\/#website\",\"url\":\"https:\/\/arguenon-info.org\/\",\"name\":\"Arguenon Informatique\",\"description\":\"Corseul &amp; Crehen (22)\",\"publisher\":{\"@id\":\"https:\/\/arguenon-info.org\/#organization\"},\"potentialAction\":[{\"@type\":\"SearchAction\",\"target\":{\"@type\":\"EntryPoint\",\"urlTemplate\":\"https:\/\/arguenon-info.org\/?s={search_term_string}\"},\"query-input\":{\"@type\":\"PropertyValueSpecification\",\"valueRequired\":true,\"valueName\":\"search_term_string\"}}],\"inLanguage\":\"fr-FR\"},{\"@type\":\"Organization\",\"@id\":\"https:\/\/arguenon-info.org\/#organization\",\"name\":\"Arguenon Informatiqu\",\"url\":\"https:\/\/arguenon-info.org\/\",\"logo\":{\"@type\":\"ImageObject\",\"inLanguage\":\"fr-FR\",\"@id\":\"https:\/\/arguenon-info.org\/#\/schema\/logo\/image\/\",\"url\":\"https:\/\/arguenon-info.org\/wp-content\/uploads\/2024\/11\/cropped-newlogoAI150.jpg\",\"contentUrl\":\"https:\/\/arguenon-info.org\/wp-content\/uploads\/2024\/11\/cropped-newlogoAI150.jpg\",\"width\":374,\"height\":150,\"caption\":\"Arguenon Informatiqu\"},\"image\":{\"@id\":\"https:\/\/arguenon-info.org\/#\/schema\/logo\/image\/\"},\"sameAs\":[\"https:\/\/www.facebook.com\/profile.php?id=100089352846390\"]}]}<\/script>\n<!-- \/ Yoast SEO plugin. -->","yoast_head_json":{"title":"Infos - Arguenon Informatique","description":"Les tarifs de l'association Arguenon Informatique","robots":{"index":"index","follow":"follow","max-snippet":"max-snippet:-1","max-image-preview":"max-image-preview:large","max-video-preview":"max-video-preview:-1"},"canonical":"https:\/\/arguenon-info.org\/index.php\/infos\/","og_locale":"fr_FR","og_type":"article","og_title":"Infos - Arguenon Informatique","og_description":"Les tarifs de l'association Arguenon Informatique","og_url":"https:\/\/arguenon-info.org\/index.php\/infos\/","og_site_name":"Arguenon Informatique","article_publisher":"https:\/\/www.facebook.com\/profile.php?id=100089352846390","article_modified_time":"2025-09-18T11:45:21+00:00","og_image":[{"width":374,"height":150,"url":"https:\/\/arguenon-info.org\/wp-content\/uploads\/2024\/11\/cropped-newlogoAI150.jpg","type":"image\/jpeg"}],"twitter_card":"summary_large_image","twitter_misc":{"Dur\u00e9e de lecture estim\u00e9e":"1 minute"},"schema":{"@context":"https:\/\/schema.org","@graph":[{"@type":"WebPage","@id":"https:\/\/arguenon-info.org\/index.php\/infos\/","url":"https:\/\/arguenon-info.org\/index.php\/infos\/","name":"Infos - Arguenon Informatique","isPartOf":{"@id":"https:\/\/arguenon-info.org\/#website"},"primaryImageOfPage":{"@id":"https:\/\/arguenon-info.org\/index.php\/infos\/#primaryimage"},"image":{"@id":"https:\/\/arguenon-info.org\/index.php\/infos\/#primaryimage"},"thumbnailUrl":"https:\/\/arguenon-info.org\/wp-content\/uploads\/2024\/11\/cropped-newlogoAI150-300x120.jpg","datePublished":"2023-09-13T08:52:49+00:00","dateModified":"2025-09-18T11:45:21+00:00","description":"Les tarifs de l'association Arguenon Informatique","breadcrumb":{"@id":"https:\/\/arguenon-info.org\/index.php\/infos\/#breadcrumb"},"inLanguage":"fr-FR","potentialAction":[{"@type":"ReadAction","target":["https:\/\/arguenon-info.org\/index.php\/infos\/"]}]},{"@type":"ImageObject","inLanguage":"fr-FR","@id":"https:\/\/arguenon-info.org\/index.php\/infos\/#primaryimage","url":"https:\/\/arguenon-info.org\/wp-content\/uploads\/2024\/11\/cropped-newlogoAI150.jpg","contentUrl":"https:\/\/arguenon-info.org\/wp-content\/uploads\/2024\/11\/cropped-newlogoAI150.jpg","width":374,"height":150},{"@type":"BreadcrumbList","@id":"https:\/\/arguenon-info.org\/index.php\/infos\/#breadcrumb","itemListElement":[{"@type":"ListItem","position":1,"name":"Accueil","item":"https:\/\/arguenon-info.org\/"},{"@type":"ListItem","position":2,"name":"Infos"}]},{"@type":"WebSite","@id":"https:\/\/arguenon-info.org\/#website","url":"https:\/\/arguenon-info.org\/","name":"Arguenon Informatique","description":"Corseul &amp; Crehen (22)","publisher":{"@id":"https:\/\/arguenon-info.org\/#organization"},"potentialAction":[{"@type":"SearchAction","target":{"@type":"EntryPoint","urlTemplate":"https:\/\/arguenon-info.org\/?s={search_term_string}"},"query-input":{"@type":"PropertyValueSpecification","valueRequired":true,"valueName":"search_term_string"}}],"inLanguage":"fr-FR"},{"@type":"Organization","@id":"https:\/\/arguenon-info.org\/#organization","name":"Arguenon Informatiqu","url":"https:\/\/arguenon-info.org\/","logo":{"@type":"ImageObject","inLanguage":"fr-FR","@id":"https:\/\/arguenon-info.org\/#\/schema\/logo\/image\/","url":"https:\/\/arguenon-info.org\/wp-content\/uploads\/2024\/11\/cropped-newlogoAI150.jpg","contentUrl":"https:\/\/arguenon-info.org\/wp-content\/uploads\/2024\/11\/cropped-newlogoAI150.jpg","width":374,"height":150,"caption":"Arguenon Informatiqu"},"image":{"@id":"https:\/\/arguenon-info.org\/#\/schema\/logo\/image\/"},"sameAs":["https:\/\/www.facebook.com\/profile.php?id=100089352846390"]}]}},"_links":{"self":[{"href":"https:\/\/arguenon-info.org\/index.php\/wp-json\/wp\/v2\/pages\/245","targetHints":{"allow":["GET"]}}],"collection":[{"href":"https:\/\/arguenon-info.org\/index.php\/wp-json\/wp\/v2\/pages"}],"about":[{"href":"https:\/\/arguenon-info.org\/index.php\/wp-json\/wp\/v2\/types\/page"}],"author":[{"embeddable":true,"href":"https:\/\/arguenon-info.org\/index.php\/wp-json\/wp\/v2\/users\/1"}],"replies":[{"embeddable":true,"href":"https:\/\/arguenon-info.org\/index.php\/wp-json\/wp\/v2\/comments?post=245"}],"version-history":[{"count":8,"href":"https:\/\/arguenon-info.org\/index.php\/wp-json\/wp\/v2\/pages\/245\/revisions"}],"predecessor-version":[{"id":518,"href":"https:\/\/arguenon-info.org\/index.php\/wp-json\/wp\/v2\/pages\/245\/revisions\/518"}],"wp:attachment":[{"href":"https:\/\/arguenon-info.org\/index.php\/wp-json\/wp\/v2\/media?parent=245"}],"curies":[{"name":"wp","href":"https:\/\/api.w.org\/{rel}","templated":true}]}}